{"id":13430,"date":"2019-05-16T21:01:25","date_gmt":"2019-05-16T21:01:25","guid":{"rendered":"https:\/\/activacostablanca.com\/club-de-paddle-surf\/"},"modified":"2020-03-16T19:02:13","modified_gmt":"2020-03-16T18:02:13","slug":"club-de-paddle-surf","status":"publish","type":"page","link":"https:\/\/activacostablanca.com\/fr\/club-de-paddle-surf\/","title":{"rendered":"Club de Paddle Surf"},"content":{"rendered":"<h4>Dans notre club, nous vous proposons une adh\u00e9sion, soit toute l&rsquo;ann\u00e9e, soit uniquement pendant les mois d&rsquo;\u00e9t\u00e9<\/h4>\n<h4>Pour une redevance, que vous pouvez payer soit avec une r\u00e9duction sous forme d&rsquo;avance unique, soit mensuellement<\/h4>\n<h4>Vous pouvez louer un stand up paddle board ou un de nos kayaks aussi souvent que vous le souhaitez !<\/h4>\n<h4>Nous proposons \u00e9galement des excursions en planche \u00e0 pagaies, du Sup Fitness et des activit\u00e9s communes comme des pique-niques ou des barbecues.<\/h4>\n<p><img loading=\"lazy\" decoding=\"async\" class=\" wp-image-13403\" src=\"https:\/\/activacostablanca.com\/wp-content\/uploads\/2020\/03\/224-300x300.jpg\" alt=\"\" width=\"263\" height=\"263\" srcset=\"https:\/\/activacostablanca.com\/wp-content\/uploads\/2020\/03\/224-300x300.jpg 300w, https:\/\/activacostablanca.com\/wp-content\/uploads\/2020\/03\/224-150x150.jpg 150w, https:\/\/activacostablanca.com\/wp-content\/uploads\/2020\/03\/224-1024x1024.jpg 1024w\" sizes=\"auto, (max-width: 263px) 100vw, 263px\" \/><\/p>\n<p><img loading=\"lazy\" decoding=\"async\" class=\"wp-image-13407 alignleft\" src=\"https:\/\/activacostablanca.com\/wp-content\/uploads\/2020\/03\/19060031_2066653603561936_6417894024174888408_n-300x300.jpg\" alt=\"\" width=\"262\" height=\"262\" srcset=\"https:\/\/activacostablanca.com\/wp-content\/uploads\/2020\/03\/19060031_2066653603561936_6417894024174888408_n-300x300.jpg 300w, https:\/\/activacostablanca.com\/wp-content\/uploads\/2020\/03\/19060031_2066653603561936_6417894024174888408_n-150x150.jpg 150w, https:\/\/activacostablanca.com\/wp-content\/uploads\/2020\/03\/19060031_2066653603561936_6417894024174888408_n-1024x1024.jpg 1024w\" sizes=\"auto, (max-width: 262px) 100vw, 262px\" \/><img loading=\"lazy\" decoding=\"async\" class=\"wp-image-13411 alignleft\" src=\"https:\/\/activacostablanca.com\/wp-content\/uploads\/2020\/03\/42510103_10214531808823901_2781480473690374144_n-300x300.jpg\" alt=\"\" width=\"264\" height=\"264\" srcset=\"https:\/\/activacostablanca.com\/wp-content\/uploads\/2020\/03\/42510103_10214531808823901_2781480473690374144_n-300x300.jpg 300w, https:\/\/activacostablanca.com\/wp-content\/uploads\/2020\/03\/42510103_10214531808823901_2781480473690374144_n-150x150.jpg 150w, https:\/\/activacostablanca.com\/wp-content\/uploads\/2020\/03\/42510103_10214531808823901_2781480473690374144_n-768x768.jpg 768w, https:\/\/activacostablanca.com\/wp-content\/uploads\/2020\/03\/42510103_10214531808823901_2781480473690374144_n-1024x1024.jpg 1024w, https:\/\/activacostablanca.com\/wp-content\/uploads\/2020\/03\/42510103_10214531808823901_2781480473690374144_n.jpg 960w\" sizes=\"auto, (max-width: 264px) 100vw, 264px\" \/><\/p>\n","protected":false},"excerpt":{"rendered":"<p>Dans notre club, nous vous proposons une adh\u00e9sion, soit toute l&rsquo;ann\u00e9e, soit uniquement pendant les mois d&rsquo;\u00e9t\u00e9 Pour une redevance, que vous pouvez payer soit avec une r\u00e9duction sous forme d&rsquo;avance unique, soit mensuellement Vous pouvez louer un stand up paddle board ou un de nos kayaks aussi souvent que vous le souhaitez ! Nous [&hellip;]<\/p>\n","protected":false},"author":2,"featured_media":13432,"parent":0,"menu_order":0,"comment_status":"closed","ping_status":"closed","template":"template-home-modern.php","meta":{"_exactmetrics_skip_tracking":false,"_exactmetrics_sitenote_active":false,"_exactmetrics_sitenote_note":"","_exactmetrics_sitenote_category":0,"footnotes":""},"class_list":["post-13430","page","type-page","status-publish","has-post-thumbnail","hentry"],"yoast_head":"<!-- This site is optimized with the Yoast SEO plugin v25.0 - https:\/\/yoast.com\/wordpress\/plugins\/seo\/ -->\n<title>Club de Paddle Surf - Activa Costa Blanca<\/title>\n<meta name=\"description\" content=\"Dans notre club, nous vous proposons une adh\u00e9sion, soit toute l&#039;ann\u00e9e, soit uniquement pendant les mois d&#039;\u00e9t\u00e9Pour une redevance, que vous pouvez payer soit avec une r\u00e9duction sous forme d&#039;avance unique, soit mensuellementVous pouvez louer un stand up paddle board ou un de nos kayaks aussi souvent que vous le souhaitez !Nous proposons \u00e9galement des excursions en planche \u00e0 pagaies, du Sup Fitness et des activit\u00e9s communes comme des pique-niques ou des barbecues.\" \/>\n<meta name=\"robots\" content=\"index, follow, max-snippet:-1, max-image-preview:large, max-video-preview:-1\" \/>\n<link rel=\"canonical\" href=\"https:\/\/activacostablanca.com\/fr\/club-de-paddle-surf\/\" \/>\n<meta property=\"og:locale\" content=\"fr_FR\" \/>\n<meta property=\"og:type\" content=\"article\" \/>\n<meta property=\"og:title\" content=\"Club de Paddle Surf - Activa Costa Blanca\" \/>\n<meta property=\"og:description\" content=\"Dans notre club, nous vous proposons une adh\u00e9sion, soit toute l&#039;ann\u00e9e, soit uniquement pendant les mois d&#039;\u00e9t\u00e9Pour une redevance, que vous pouvez payer soit avec une r\u00e9duction sous forme d&#039;avance unique, soit mensuellementVous pouvez louer un stand up paddle board ou un de nos kayaks aussi souvent que vous le souhaitez !Nous proposons \u00e9galement des excursions en planche \u00e0 pagaies, du Sup Fitness et des activit\u00e9s communes comme des pique-niques ou des barbecues.\" \/>\n<meta property=\"og:url\" content=\"https:\/\/activacostablanca.com\/fr\/club-de-paddle-surf\/\" \/>\n<meta property=\"og:site_name\" content=\"Activa Costa Blanca\" \/>\n<meta property=\"article:modified_time\" content=\"2020-03-16T18:02:13+00:00\" \/>\n<meta property=\"og:image\" content=\"https:\/\/activacostablanca.com\/wp-content\/uploads\/2019\/05\/37889957_10214136701906475_3918883776125468672_n.jpg\" \/>\n\t<meta property=\"og:image:width\" content=\"900\" \/>\n\t<meta property=\"og:image:height\" content=\"900\" \/>\n\t<meta property=\"og:image:type\" content=\"image\/jpeg\" \/>\n<meta name=\"twitter:card\" content=\"summary_large_image\" \/>\n<script type=\"application\/ld+json\" class=\"yoast-schema-graph\">{\"@context\":\"https:\/\/schema.org\",\"@graph\":[{\"@type\":\"WebPage\",\"@id\":\"https:\/\/activacostablanca.com\/fr\/club-de-paddle-surf\/\",\"url\":\"https:\/\/activacostablanca.com\/fr\/club-de-paddle-surf\/\",\"name\":\"Club de Paddle Surf - Activa Costa Blanca\",\"isPartOf\":{\"@id\":\"https:\/\/activacostablanca.com\/#website\"},\"primaryImageOfPage\":{\"@id\":\"https:\/\/activacostablanca.com\/fr\/club-de-paddle-surf\/#primaryimage\"},\"image\":{\"@id\":\"https:\/\/activacostablanca.com\/fr\/club-de-paddle-surf\/#primaryimage\"},\"thumbnailUrl\":\"https:\/\/activacostablanca.com\/wp-content\/uploads\/2019\/05\/37889957_10214136701906475_3918883776125468672_n.jpg\",\"datePublished\":\"2019-05-16T21:01:25+00:00\",\"dateModified\":\"2020-03-16T18:02:13+00:00\",\"description\":\"Dans notre club, nous vous proposons une adh\u00e9sion, soit toute l'ann\u00e9e, soit uniquement pendant les mois d'\u00e9t\u00e9Pour une redevance, que vous pouvez payer soit avec une r\u00e9duction sous forme d'avance unique, soit mensuellementVous pouvez louer un stand up paddle board ou un de nos kayaks aussi souvent que vous le souhaitez !Nous proposons \u00e9galement des excursions en planche \u00e0 pagaies, du Sup Fitness et des activit\u00e9s communes comme des pique-niques ou des barbecues.\",\"breadcrumb\":{\"@id\":\"https:\/\/activacostablanca.com\/fr\/club-de-paddle-surf\/#breadcrumb\"},\"inLanguage\":\"fr-FR\",\"potentialAction\":[{\"@type\":\"ReadAction\",\"target\":[\"https:\/\/activacostablanca.com\/fr\/club-de-paddle-surf\/\"]}]},{\"@type\":\"ImageObject\",\"inLanguage\":\"fr-FR\",\"@id\":\"https:\/\/activacostablanca.com\/fr\/club-de-paddle-surf\/#primaryimage\",\"url\":\"https:\/\/activacostablanca.com\/wp-content\/uploads\/2019\/05\/37889957_10214136701906475_3918883776125468672_n.jpg\",\"contentUrl\":\"https:\/\/activacostablanca.com\/wp-content\/uploads\/2019\/05\/37889957_10214136701906475_3918883776125468672_n.jpg\",\"width\":900,\"height\":900},{\"@type\":\"BreadcrumbList\",\"@id\":\"https:\/\/activacostablanca.com\/fr\/club-de-paddle-surf\/#breadcrumb\",\"itemListElement\":[{\"@type\":\"ListItem\",\"position\":1,\"name\":\"Portada\",\"item\":\"https:\/\/activacostablanca.com\/fr\/\"},{\"@type\":\"ListItem\",\"position\":2,\"name\":\"Club de Paddle Surf\"}]},{\"@type\":\"WebSite\",\"@id\":\"https:\/\/activacostablanca.com\/#website\",\"url\":\"https:\/\/activacostablanca.com\/\",\"name\":\"Activa Costa Blanca\",\"description\":\"Activit\u00e9s et excursions sur la Costa Blanca\",\"publisher\":{\"@id\":\"https:\/\/activacostablanca.com\/#organization\"},\"potentialAction\":[{\"@type\":\"SearchAction\",\"target\":{\"@type\":\"EntryPoint\",\"urlTemplate\":\"https:\/\/activacostablanca.com\/?s={search_term_string}\"},\"query-input\":{\"@type\":\"PropertyValueSpecification\",\"valueRequired\":true,\"valueName\":\"search_term_string\"}}],\"inLanguage\":\"fr-FR\"},{\"@type\":\"Organization\",\"@id\":\"https:\/\/activacostablanca.com\/#organization\",\"name\":\"Activa Costa Blanca\",\"url\":\"https:\/\/activacostablanca.com\/\",\"logo\":{\"@type\":\"ImageObject\",\"inLanguage\":\"fr-FR\",\"@id\":\"https:\/\/activacostablanca.com\/#\/schema\/logo\/image\/\",\"url\":\"https:\/\/activacostablanca.com\/wp-content\/uploads\/2019\/04\/weblogo.png\",\"contentUrl\":\"https:\/\/activacostablanca.com\/wp-content\/uploads\/2019\/04\/weblogo.png\",\"width\":177,\"height\":46,\"caption\":\"Activa Costa Blanca\"},\"image\":{\"@id\":\"https:\/\/activacostablanca.com\/#\/schema\/logo\/image\/\"}}]}<\/script>\n<!-- \/ Yoast SEO plugin. -->","yoast_head_json":{"title":"Club de Paddle Surf - Activa Costa Blanca","description":"Dans notre club, nous vous proposons une adh\u00e9sion, soit toute l'ann\u00e9e, soit uniquement pendant les mois d'\u00e9t\u00e9Pour une redevance, que vous pouvez payer soit avec une r\u00e9duction sous forme d'avance unique, soit mensuellementVous pouvez louer un stand up paddle board ou un de nos kayaks aussi souvent que vous le souhaitez !Nous proposons \u00e9galement des excursions en planche \u00e0 pagaies, du Sup Fitness et des activit\u00e9s communes comme des pique-niques ou des barbecues.","robots":{"index":"index","follow":"follow","max-snippet":"max-snippet:-1","max-image-preview":"max-image-preview:large","max-video-preview":"max-video-preview:-1"},"canonical":"https:\/\/activacostablanca.com\/fr\/club-de-paddle-surf\/","og_locale":"fr_FR","og_type":"article","og_title":"Club de Paddle Surf - Activa Costa Blanca","og_description":"Dans notre club, nous vous proposons une adh\u00e9sion, soit toute l'ann\u00e9e, soit uniquement pendant les mois d'\u00e9t\u00e9Pour une redevance, que vous pouvez payer soit avec une r\u00e9duction sous forme d'avance unique, soit mensuellementVous pouvez louer un stand up paddle board ou un de nos kayaks aussi souvent que vous le souhaitez !Nous proposons \u00e9galement des excursions en planche \u00e0 pagaies, du Sup Fitness et des activit\u00e9s communes comme des pique-niques ou des barbecues.","og_url":"https:\/\/activacostablanca.com\/fr\/club-de-paddle-surf\/","og_site_name":"Activa Costa Blanca","article_modified_time":"2020-03-16T18:02:13+00:00","og_image":[{"width":900,"height":900,"url":"https:\/\/activacostablanca.com\/wp-content\/uploads\/2019\/05\/37889957_10214136701906475_3918883776125468672_n.jpg","type":"image\/jpeg"}],"twitter_card":"summary_large_image","schema":{"@context":"https:\/\/schema.org","@graph":[{"@type":"WebPage","@id":"https:\/\/activacostablanca.com\/fr\/club-de-paddle-surf\/","url":"https:\/\/activacostablanca.com\/fr\/club-de-paddle-surf\/","name":"Club de Paddle Surf - Activa Costa Blanca","isPartOf":{"@id":"https:\/\/activacostablanca.com\/#website"},"primaryImageOfPage":{"@id":"https:\/\/activacostablanca.com\/fr\/club-de-paddle-surf\/#primaryimage"},"image":{"@id":"https:\/\/activacostablanca.com\/fr\/club-de-paddle-surf\/#primaryimage"},"thumbnailUrl":"https:\/\/activacostablanca.com\/wp-content\/uploads\/2019\/05\/37889957_10214136701906475_3918883776125468672_n.jpg","datePublished":"2019-05-16T21:01:25+00:00","dateModified":"2020-03-16T18:02:13+00:00","description":"Dans notre club, nous vous proposons une adh\u00e9sion, soit toute l'ann\u00e9e, soit uniquement pendant les mois d'\u00e9t\u00e9Pour une redevance, que vous pouvez payer soit avec une r\u00e9duction sous forme d'avance unique, soit mensuellementVous pouvez louer un stand up paddle board ou un de nos kayaks aussi souvent que vous le souhaitez !Nous proposons \u00e9galement des excursions en planche \u00e0 pagaies, du Sup Fitness et des activit\u00e9s communes comme des pique-niques ou des barbecues.","breadcrumb":{"@id":"https:\/\/activacostablanca.com\/fr\/club-de-paddle-surf\/#breadcrumb"},"inLanguage":"fr-FR","potentialAction":[{"@type":"ReadAction","target":["https:\/\/activacostablanca.com\/fr\/club-de-paddle-surf\/"]}]},{"@type":"ImageObject","inLanguage":"fr-FR","@id":"https:\/\/activacostablanca.com\/fr\/club-de-paddle-surf\/#primaryimage","url":"https:\/\/activacostablanca.com\/wp-content\/uploads\/2019\/05\/37889957_10214136701906475_3918883776125468672_n.jpg","contentUrl":"https:\/\/activacostablanca.com\/wp-content\/uploads\/2019\/05\/37889957_10214136701906475_3918883776125468672_n.jpg","width":900,"height":900},{"@type":"BreadcrumbList","@id":"https:\/\/activacostablanca.com\/fr\/club-de-paddle-surf\/#breadcrumb","itemListElement":[{"@type":"ListItem","position":1,"name":"Portada","item":"https:\/\/activacostablanca.com\/fr\/"},{"@type":"ListItem","position":2,"name":"Club de Paddle Surf"}]},{"@type":"WebSite","@id":"https:\/\/activacostablanca.com\/#website","url":"https:\/\/activacostablanca.com\/","name":"Activa Costa Blanca","description":"Activit\u00e9s et excursions sur la Costa Blanca","publisher":{"@id":"https:\/\/activacostablanca.com\/#organization"},"potentialAction":[{"@type":"SearchAction","target":{"@type":"EntryPoint","urlTemplate":"https:\/\/activacostablanca.com\/?s={search_term_string}"},"query-input":{"@type":"PropertyValueSpecification","valueRequired":true,"valueName":"search_term_string"}}],"inLanguage":"fr-FR"},{"@type":"Organization","@id":"https:\/\/activacostablanca.com\/#organization","name":"Activa Costa Blanca","url":"https:\/\/activacostablanca.com\/","logo":{"@type":"ImageObject","inLanguage":"fr-FR","@id":"https:\/\/activacostablanca.com\/#\/schema\/logo\/image\/","url":"https:\/\/activacostablanca.com\/wp-content\/uploads\/2019\/04\/weblogo.png","contentUrl":"https:\/\/activacostablanca.com\/wp-content\/uploads\/2019\/04\/weblogo.png","width":177,"height":46,"caption":"Activa Costa Blanca"},"image":{"@id":"https:\/\/activacostablanca.com\/#\/schema\/logo\/image\/"}}]}},"_links":{"self":[{"href":"https:\/\/activacostablanca.com\/fr\/wp-json\/wp\/v2\/pages\/13430","targetHints":{"allow":["GET"]}}],"collection":[{"href":"https:\/\/activacostablanca.com\/fr\/wp-json\/wp\/v2\/pages"}],"about":[{"href":"https:\/\/activacostablanca.com\/fr\/wp-json\/wp\/v2\/types\/page"}],"author":[{"embeddable":true,"href":"https:\/\/activacostablanca.com\/fr\/wp-json\/wp\/v2\/users\/2"}],"replies":[{"embeddable":true,"href":"https:\/\/activacostablanca.com\/fr\/wp-json\/wp\/v2\/comments?post=13430"}],"version-history":[{"count":1,"href":"https:\/\/activacostablanca.com\/fr\/wp-json\/wp\/v2\/pages\/13430\/revisions"}],"predecessor-version":[{"id":13435,"href":"https:\/\/activacostablanca.com\/fr\/wp-json\/wp\/v2\/pages\/13430\/revisions\/13435"}],"wp:featuredmedia":[{"embeddable":true,"href":"https:\/\/activacostablanca.com\/fr\/wp-json\/wp\/v2\/media\/13432"}],"wp:attachment":[{"href":"https:\/\/activacostablanca.com\/fr\/wp-json\/wp\/v2\/media?parent=13430"}],"curies":[{"name":"wp","href":"https:\/\/api.w.org\/{rel}","templated":true}]}}