{"id":13397,"date":"2018-12-10T03:06:47","date_gmt":"2018-12-10T03:06:47","guid":{"rendered":"https:\/\/activacostablanca.com\/sobre-nosotros\/"},"modified":"2020-03-16T18:36:25","modified_gmt":"2020-03-16T17:36:25","slug":"a-propos-de-nous","status":"publish","type":"page","link":"https:\/\/activacostablanca.com\/fr\/a-propos-de-nous\/","title":{"rendered":"\u00e0 propos de nous"},"content":{"rendered":"<p>Nous vivons sur la Costa Blanca depuis 22 ans, nous sommes des passionn\u00e9s de sport et nous connaissons la plupart des endroits \u00e0 voir entre Gandia et Alicante !<\/p>\n<p>Certaines activit\u00e9s, comme le stand up paddling \u00e0 Calpe et Denia, le kayak \u00e0 Calpe et le surf \u00e0 Denia, nous nous proposons<\/p>\n<p>Toutes les autres offres proviennent d&rsquo;entreprises que nous connaissons et recommandons depuis des ann\u00e9es ! R\u00e9servez vos excursions pour la Costa Blanca en ligne ici<\/p>\n<p>Choisissez parmi une vari\u00e9t\u00e9 d&rsquo;activit\u00e9s et de visites et \u00e9tablissez votre programme d&rsquo;excursion personnel avant m\u00eame de commencer votre voyage.<\/p>\n<p>Des visites touristiques, des excursions d&rsquo;une journ\u00e9e, des excursions en bateau, des excursions avec des enfants ou des circuits organis\u00e9s individuellement, dont beaucoup peuvent \u00eatre r\u00e9serv\u00e9s ici \u00e0 un prix inf\u00e9rieur \u00e0 celui pratiqu\u00e9 sur place.<\/p>\n<p>Cours de kitesurf, cours de plong\u00e9e, location de jet ski, location de bateaux, de motos ou de scooters, etc. La Costa Blanca est une r\u00e9gion c\u00f4ti\u00e8re d&rsquo;une beaut\u00e9 \u00e0 couper le souffle, situ\u00e9e sur le continent espagnol, o\u00f9 l&rsquo;on peut pratiquer toutes sortes d&rsquo;activit\u00e9s.<\/p>\n<p>D\u00e9couvrez la Costa Blanca avec les plus belles excursions et attendez-vous \u00e0 la plus belle p\u00e9riode de l&rsquo;ann\u00e9e des mois avant vos vacances.<\/p>\n<p>Actuellement, nous proposons des excursions et des visites dans les lieux suivants<\/p>\n<p>&nbsp;<\/p>\n<h3><strong>OLIVA\u00a0 \u00a0 DENIA\u00a0 \u00a0 JAVEA\u00a0 \u00a0 XABIA\u00a0 \u00a0 TEULADA\/MORAIRA\u00a0 BENISSA\u00a0 \u00a0 LLIBER\u00a0 \u00a0 JALON\u00a0 \u00a0 CALPE\u00a0 \u00a0 ALTEA\u00a0 \u00a0 LA NUCIA\u00a0 \u00a0 ALFAZ DEL PI\/ALBIR\u00a0 \u00a0 BENIDORM\u00a0 \u00a0ALICANTE<\/strong><\/h3>\n<p><img loading=\"lazy\" decoding=\"async\" class=\"alignright size-medium wp-image-13191\" src=\"https:\/\/activacostablanca.com\/wp-content\/uploads\/2019\/12\/67301725_961585817512356_6061835434764271616_n-300x300.jpg\" alt=\"\" width=\"300\" height=\"300\" srcset=\"https:\/\/activacostablanca.com\/wp-content\/uploads\/2019\/12\/67301725_961585817512356_6061835434764271616_n-300x300.jpg 300w, https:\/\/activacostablanca.com\/wp-content\/uploads\/2019\/12\/67301725_961585817512356_6061835434764271616_n-150x150.jpg 150w, https:\/\/activacostablanca.com\/wp-content\/uploads\/2019\/12\/67301725_961585817512356_6061835434764271616_n-1024x1024.jpg 1024w, https:\/\/activacostablanca.com\/wp-content\/uploads\/2019\/12\/67301725_961585817512356_6061835434764271616_n-266x266.jpg 266w, https:\/\/activacostablanca.com\/wp-content\/uploads\/2019\/12\/67301725_961585817512356_6061835434764271616_n-70x70.jpg 70w, https:\/\/activacostablanca.com\/wp-content\/uploads\/2019\/12\/67301725_961585817512356_6061835434764271616_n-110x110.jpg 110w\" sizes=\"auto, (max-width: 300px) 100vw, 300px\" \/><img loading=\"lazy\" decoding=\"async\" class=\"alignright size-medium wp-image-13079\" src=\"https:\/\/activacostablanca.com\/wp-content\/uploads\/2019\/10\/WhatsApp-Image-2019-10-06-at-21.45.28-300x300.jpeg\" alt=\"\" width=\"300\" height=\"300\" srcset=\"https:\/\/activacostablanca.com\/wp-content\/uploads\/2019\/10\/WhatsApp-Image-2019-10-06-at-21.45.28-300x300.jpeg 300w, https:\/\/activacostablanca.com\/wp-content\/uploads\/2019\/10\/WhatsApp-Image-2019-10-06-at-21.45.28-150x150.jpeg 150w, https:\/\/activacostablanca.com\/wp-content\/uploads\/2019\/10\/WhatsApp-Image-2019-10-06-at-21.45.28-1024x1024.jpeg 1024w, https:\/\/activacostablanca.com\/wp-content\/uploads\/2019\/10\/WhatsApp-Image-2019-10-06-at-21.45.28-266x266.jpeg 266w, https:\/\/activacostablanca.com\/wp-content\/uploads\/2019\/10\/WhatsApp-Image-2019-10-06-at-21.45.28-70x70.jpeg 70w, https:\/\/activacostablanca.com\/wp-content\/uploads\/2019\/10\/WhatsApp-Image-2019-10-06-at-21.45.28-110x110.jpeg 110w\" sizes=\"auto, (max-width: 300px) 100vw, 300px\" \/><img loading=\"lazy\" decoding=\"async\" class=\"alignright size-medium wp-image-13016\" src=\"https:\/\/activacostablanca.com\/wp-content\/uploads\/2019\/09\/kayakannape\u00f1on-300x300.jpg\" alt=\"\" width=\"300\" height=\"300\" srcset=\"https:\/\/activacostablanca.com\/wp-content\/uploads\/2019\/09\/kayakannape\u00f1on-300x300.jpg 300w, https:\/\/activacostablanca.com\/wp-content\/uploads\/2019\/09\/kayakannape\u00f1on-150x150.jpg 150w, https:\/\/activacostablanca.com\/wp-content\/uploads\/2019\/09\/kayakannape\u00f1on-1024x1024.jpg 1024w, https:\/\/activacostablanca.com\/wp-content\/uploads\/2019\/09\/kayakannape\u00f1on-70x70.jpg 70w, https:\/\/activacostablanca.com\/wp-content\/uploads\/2019\/09\/kayakannape\u00f1on-110x110.jpg 110w\" sizes=\"auto, (max-width: 300px) 100vw, 300px\" \/><img loading=\"lazy\" decoding=\"async\" class=\"alignright size-medium wp-image-12517\" src=\"https:\/\/activacostablanca.com\/wp-content\/uploads\/2019\/05\/kite-molins5-300x300.jpg\" alt=\"\" width=\"300\" height=\"300\" srcset=\"https:\/\/activacostablanca.com\/wp-content\/uploads\/2019\/05\/kite-molins5-300x300.jpg 300w, https:\/\/activacostablanca.com\/wp-content\/uploads\/2019\/05\/kite-molins5-150x150.jpg 150w, https:\/\/activacostablanca.com\/wp-content\/uploads\/2019\/05\/kite-molins5-1024x1024.jpg 1024w\" sizes=\"auto, (max-width: 300px) 100vw, 300px\" \/><img loading=\"lazy\" decoding=\"async\" class=\"alignright size-medium wp-image-11169\" src=\"https:\/\/activacostablanca.com\/wp-content\/uploads\/2019\/05\/buceo-300x300.jpg\" alt=\"\" width=\"300\" height=\"300\" srcset=\"https:\/\/activacostablanca.com\/wp-content\/uploads\/2019\/05\/buceo-300x300.jpg 300w, https:\/\/activacostablanca.com\/wp-content\/uploads\/2019\/05\/buceo-150x150.jpg 150w, https:\/\/activacostablanca.com\/wp-content\/uploads\/2019\/05\/buceo-1024x1024.jpg 1024w\" sizes=\"auto, (max-width: 300px) 100vw, 300px\" \/><\/p>\n<figure id=\"attachment_9792\" aria-describedby=\"caption-attachment-9792\" style=\"width: 300px\" class=\"wp-caption alignright\"><img loading=\"lazy\" decoding=\"async\" class=\"size-medium wp-image-9792\" src=\"https:\/\/activacostablanca.com\/wp-content\/uploads\/2019\/04\/P3240575-300x300.jpg\" alt=\"\" width=\"300\" height=\"300\" srcset=\"https:\/\/activacostablanca.com\/wp-content\/uploads\/2019\/04\/P3240575-300x300.jpg 300w, https:\/\/activacostablanca.com\/wp-content\/uploads\/2019\/04\/P3240575-150x150.jpg 150w, https:\/\/activacostablanca.com\/wp-content\/uploads\/2019\/04\/P3240575-1024x1024.jpg 1024w\" sizes=\"auto, (max-width: 300px) 100vw, 300px\" \/><figcaption id=\"caption-attachment-9792\" class=\"wp-caption-text\">OLYMPUS DIGITAL CAMERA<\/figcaption><\/figure>\n","protected":false},"excerpt":{"rendered":"<p>Nous vivons sur la Costa Blanca depuis 22 ans, nous sommes des passionn\u00e9s de sport et nous connaissons la plupart des endroits \u00e0 voir entre Gandia et Alicante ! Certaines activit\u00e9s, comme le stand up paddling \u00e0 Calpe et Denia, le kayak \u00e0 Calpe et le surf \u00e0 Denia, nous nous proposons Toutes les autres [&hellip;]<\/p>\n","protected":false},"author":2,"featured_media":13380,"parent":0,"menu_order":4,"comment_status":"closed","ping_status":"closed","template":"template-home-modern.php","meta":{"_exactmetrics_skip_tracking":false,"_exactmetrics_sitenote_active":false,"_exactmetrics_sitenote_note":"","_exactmetrics_sitenote_category":0,"footnotes":""},"class_list":["post-13397","page","type-page","status-publish","has-post-thumbnail","hentry"],"yoast_head":"<!-- This site is optimized with the Yoast SEO plugin v25.0 - https:\/\/yoast.com\/wordpress\/plugins\/seo\/ -->\n<title>\u00e0 propos de nous - Activa Costa Blanca<\/title>\n<meta name=\"description\" content=\"Nous vivons sur la Costa Blanca depuis 22 ans, nous sommes des passionn\u00e9s de sport et nous connaissons la plupart des endroits \u00e0 voir entre Gandia et Alicante !Certaines activit\u00e9s, comme le stand up paddling \u00e0 Calpe et Denia, le kayak \u00e0 Calpe et le surf \u00e0 Denia, nous nous proposonsToutes les autres offres proviennent d&#039;entreprises que nous connaissons et recommandons depuis des ann\u00e9es ! R\u00e9servez vos excursions pour la Costa Blanca en ligne iciChoisissez parmi une vari\u00e9t\u00e9 d&#039;activit\u00e9s et de visites et \u00e9tablissez votre programme d&#039;excursion personnel avant m\u00eame de commencer votre voyage.Des visites touristiques, des excursions d&#039;une journ\u00e9e, des excursions en bateau, des excursions avec des enfants ou des circuits organis\u00e9s individuellement, dont beaucoup peuvent \u00eatre r\u00e9serv\u00e9s ici \u00e0 un prix inf\u00e9rieur \u00e0 celui pratiqu\u00e9 sur place.Cours de kitesurf, cours de plong\u00e9e, location de jet ski, location de bateaux, de motos ou de scooters, etc. La Costa Blanca est une r\u00e9gion c\u00f4ti\u00e8re d&#039;une beaut\u00e9 \u00e0 couper le souffle, situ\u00e9e sur le continent espagnol, o\u00f9 l&#039;on peut pratiquer toutes sortes d&#039;activit\u00e9s.D\u00e9couvrez la Costa Blanca avec les plus belles excursions et attendez-vous \u00e0 la plus belle p\u00e9riode de l&#039;ann\u00e9e des mois avant vos vacances.Actuellement, nous proposons des excursions et des visites dans les lieux suivantsTraduit avec www.DeepL.com\/Translator (version gratuite)\" \/>\n<meta name=\"robots\" content=\"index, follow, max-snippet:-1, max-image-preview:large, max-video-preview:-1\" \/>\n<link rel=\"canonical\" href=\"https:\/\/activacostablanca.com\/fr\/a-propos-de-nous\/\" \/>\n<meta property=\"og:locale\" content=\"fr_FR\" \/>\n<meta property=\"og:type\" content=\"article\" \/>\n<meta property=\"og:title\" content=\"\u00e0 propos de nous - Activa Costa Blanca\" \/>\n<meta property=\"og:description\" content=\"Nous vivons sur la Costa Blanca depuis 22 ans, nous sommes des passionn\u00e9s de sport et nous connaissons la plupart des endroits \u00e0 voir entre Gandia et Alicante !Certaines activit\u00e9s, comme le stand up paddling \u00e0 Calpe et Denia, le kayak \u00e0 Calpe et le surf \u00e0 Denia, nous nous proposonsToutes les autres offres proviennent d&#039;entreprises que nous connaissons et recommandons depuis des ann\u00e9es ! R\u00e9servez vos excursions pour la Costa Blanca en ligne iciChoisissez parmi une vari\u00e9t\u00e9 d&#039;activit\u00e9s et de visites et \u00e9tablissez votre programme d&#039;excursion personnel avant m\u00eame de commencer votre voyage.Des visites touristiques, des excursions d&#039;une journ\u00e9e, des excursions en bateau, des excursions avec des enfants ou des circuits organis\u00e9s individuellement, dont beaucoup peuvent \u00eatre r\u00e9serv\u00e9s ici \u00e0 un prix inf\u00e9rieur \u00e0 celui pratiqu\u00e9 sur place.Cours de kitesurf, cours de plong\u00e9e, location de jet ski, location de bateaux, de motos ou de scooters, etc. La Costa Blanca est une r\u00e9gion c\u00f4ti\u00e8re d&#039;une beaut\u00e9 \u00e0 couper le souffle, situ\u00e9e sur le continent espagnol, o\u00f9 l&#039;on peut pratiquer toutes sortes d&#039;activit\u00e9s.D\u00e9couvrez la Costa Blanca avec les plus belles excursions et attendez-vous \u00e0 la plus belle p\u00e9riode de l&#039;ann\u00e9e des mois avant vos vacances.Actuellement, nous proposons des excursions et des visites dans les lieux suivantsTraduit avec www.DeepL.com\/Translator (version gratuite)\" \/>\n<meta property=\"og:url\" content=\"https:\/\/activacostablanca.com\/fr\/a-propos-de-nous\/\" \/>\n<meta property=\"og:site_name\" content=\"Activa Costa Blanca\" \/>\n<meta property=\"article:modified_time\" content=\"2020-03-16T17:36:25+00:00\" \/>\n<meta property=\"og:image\" content=\"https:\/\/activacostablanca.com\/wp-content\/uploads\/2020\/03\/despedida2.jpg\" \/>\n\t<meta property=\"og:image:width\" content=\"1688\" \/>\n\t<meta property=\"og:image:height\" content=\"950\" \/>\n\t<meta property=\"og:image:type\" content=\"image\/jpeg\" \/>\n<meta name=\"twitter:card\" content=\"summary_large_image\" \/>\n<meta name=\"twitter:label1\" content=\"Dur\u00e9e de lecture estim\u00e9e\" \/>\n\t<meta name=\"twitter:data1\" content=\"1 minute\" \/>\n<script type=\"application\/ld+json\" class=\"yoast-schema-graph\">{\"@context\":\"https:\/\/schema.org\",\"@graph\":[{\"@type\":\"WebPage\",\"@id\":\"https:\/\/activacostablanca.com\/fr\/a-propos-de-nous\/\",\"url\":\"https:\/\/activacostablanca.com\/fr\/a-propos-de-nous\/\",\"name\":\"\u00e0 propos de nous - Activa Costa Blanca\",\"isPartOf\":{\"@id\":\"https:\/\/activacostablanca.com\/#website\"},\"primaryImageOfPage\":{\"@id\":\"https:\/\/activacostablanca.com\/fr\/a-propos-de-nous\/#primaryimage\"},\"image\":{\"@id\":\"https:\/\/activacostablanca.com\/fr\/a-propos-de-nous\/#primaryimage\"},\"thumbnailUrl\":\"https:\/\/activacostablanca.com\/wp-content\/uploads\/2020\/03\/despedida2.jpg\",\"datePublished\":\"2018-12-10T03:06:47+00:00\",\"dateModified\":\"2020-03-16T17:36:25+00:00\",\"description\":\"Nous vivons sur la Costa Blanca depuis 22 ans, nous sommes des passionn\u00e9s de sport et nous connaissons la plupart des endroits \u00e0 voir entre Gandia et Alicante !Certaines activit\u00e9s, comme le stand up paddling \u00e0 Calpe et Denia, le kayak \u00e0 Calpe et le surf \u00e0 Denia, nous nous proposonsToutes les autres offres proviennent d'entreprises que nous connaissons et recommandons depuis des ann\u00e9es ! R\u00e9servez vos excursions pour la Costa Blanca en ligne iciChoisissez parmi une vari\u00e9t\u00e9 d'activit\u00e9s et de visites et \u00e9tablissez votre programme d'excursion personnel avant m\u00eame de commencer votre voyage.Des visites touristiques, des excursions d'une journ\u00e9e, des excursions en bateau, des excursions avec des enfants ou des circuits organis\u00e9s individuellement, dont beaucoup peuvent \u00eatre r\u00e9serv\u00e9s ici \u00e0 un prix inf\u00e9rieur \u00e0 celui pratiqu\u00e9 sur place.Cours de kitesurf, cours de plong\u00e9e, location de jet ski, location de bateaux, de motos ou de scooters, etc. La Costa Blanca est une r\u00e9gion c\u00f4ti\u00e8re d'une beaut\u00e9 \u00e0 couper le souffle, situ\u00e9e sur le continent espagnol, o\u00f9 l'on peut pratiquer toutes sortes d'activit\u00e9s.D\u00e9couvrez la Costa Blanca avec les plus belles excursions et attendez-vous \u00e0 la plus belle p\u00e9riode de l'ann\u00e9e des mois avant vos vacances.Actuellement, nous proposons des excursions et des visites dans les lieux suivantsTraduit avec www.DeepL.com\/Translator (version gratuite)\",\"breadcrumb\":{\"@id\":\"https:\/\/activacostablanca.com\/fr\/a-propos-de-nous\/#breadcrumb\"},\"inLanguage\":\"fr-FR\",\"potentialAction\":[{\"@type\":\"ReadAction\",\"target\":[\"https:\/\/activacostablanca.com\/fr\/a-propos-de-nous\/\"]}]},{\"@type\":\"ImageObject\",\"inLanguage\":\"fr-FR\",\"@id\":\"https:\/\/activacostablanca.com\/fr\/a-propos-de-nous\/#primaryimage\",\"url\":\"https:\/\/activacostablanca.com\/wp-content\/uploads\/2020\/03\/despedida2.jpg\",\"contentUrl\":\"https:\/\/activacostablanca.com\/wp-content\/uploads\/2020\/03\/despedida2.jpg\",\"width\":1688,\"height\":950,\"caption\":\"OLYMPUS DIGITAL CAMERA\"},{\"@type\":\"BreadcrumbList\",\"@id\":\"https:\/\/activacostablanca.com\/fr\/a-propos-de-nous\/#breadcrumb\",\"itemListElement\":[{\"@type\":\"ListItem\",\"position\":1,\"name\":\"Portada\",\"item\":\"https:\/\/activacostablanca.com\/fr\/\"},{\"@type\":\"ListItem\",\"position\":2,\"name\":\"\u00e0 propos de nous\"}]},{\"@type\":\"WebSite\",\"@id\":\"https:\/\/activacostablanca.com\/#website\",\"url\":\"https:\/\/activacostablanca.com\/\",\"name\":\"Activa Costa Blanca\",\"description\":\"Activit\u00e9s et excursions sur la Costa Blanca\",\"publisher\":{\"@id\":\"https:\/\/activacostablanca.com\/#organization\"},\"potentialAction\":[{\"@type\":\"SearchAction\",\"target\":{\"@type\":\"EntryPoint\",\"urlTemplate\":\"https:\/\/activacostablanca.com\/?s={search_term_string}\"},\"query-input\":{\"@type\":\"PropertyValueSpecification\",\"valueRequired\":true,\"valueName\":\"search_term_string\"}}],\"inLanguage\":\"fr-FR\"},{\"@type\":\"Organization\",\"@id\":\"https:\/\/activacostablanca.com\/#organization\",\"name\":\"Activa Costa Blanca\",\"url\":\"https:\/\/activacostablanca.com\/\",\"logo\":{\"@type\":\"ImageObject\",\"inLanguage\":\"fr-FR\",\"@id\":\"https:\/\/activacostablanca.com\/#\/schema\/logo\/image\/\",\"url\":\"https:\/\/activacostablanca.com\/wp-content\/uploads\/2019\/04\/weblogo.png\",\"contentUrl\":\"https:\/\/activacostablanca.com\/wp-content\/uploads\/2019\/04\/weblogo.png\",\"width\":177,\"height\":46,\"caption\":\"Activa Costa Blanca\"},\"image\":{\"@id\":\"https:\/\/activacostablanca.com\/#\/schema\/logo\/image\/\"}}]}<\/script>\n<!-- \/ Yoast SEO plugin. -->","yoast_head_json":{"title":"\u00e0 propos de nous - Activa Costa Blanca","description":"Nous vivons sur la Costa Blanca depuis 22 ans, nous sommes des passionn\u00e9s de sport et nous connaissons la plupart des endroits \u00e0 voir entre Gandia et Alicante !Certaines activit\u00e9s, comme le stand up paddling \u00e0 Calpe et Denia, le kayak \u00e0 Calpe et le surf \u00e0 Denia, nous nous proposonsToutes les autres offres proviennent d'entreprises que nous connaissons et recommandons depuis des ann\u00e9es ! R\u00e9servez vos excursions pour la Costa Blanca en ligne iciChoisissez parmi une vari\u00e9t\u00e9 d'activit\u00e9s et de visites et \u00e9tablissez votre programme d'excursion personnel avant m\u00eame de commencer votre voyage.Des visites touristiques, des excursions d'une journ\u00e9e, des excursions en bateau, des excursions avec des enfants ou des circuits organis\u00e9s individuellement, dont beaucoup peuvent \u00eatre r\u00e9serv\u00e9s ici \u00e0 un prix inf\u00e9rieur \u00e0 celui pratiqu\u00e9 sur place.Cours de kitesurf, cours de plong\u00e9e, location de jet ski, location de bateaux, de motos ou de scooters, etc. La Costa Blanca est une r\u00e9gion c\u00f4ti\u00e8re d'une beaut\u00e9 \u00e0 couper le souffle, situ\u00e9e sur le continent espagnol, o\u00f9 l'on peut pratiquer toutes sortes d'activit\u00e9s.D\u00e9couvrez la Costa Blanca avec les plus belles excursions et attendez-vous \u00e0 la plus belle p\u00e9riode de l'ann\u00e9e des mois avant vos vacances.Actuellement, nous proposons des excursions et des visites dans les lieux suivantsTraduit avec www.DeepL.com\/Translator (version gratuite)","robots":{"index":"index","follow":"follow","max-snippet":"max-snippet:-1","max-image-preview":"max-image-preview:large","max-video-preview":"max-video-preview:-1"},"canonical":"https:\/\/activacostablanca.com\/fr\/a-propos-de-nous\/","og_locale":"fr_FR","og_type":"article","og_title":"\u00e0 propos de nous - Activa Costa Blanca","og_description":"Nous vivons sur la Costa Blanca depuis 22 ans, nous sommes des passionn\u00e9s de sport et nous connaissons la plupart des endroits \u00e0 voir entre Gandia et Alicante !Certaines activit\u00e9s, comme le stand up paddling \u00e0 Calpe et Denia, le kayak \u00e0 Calpe et le surf \u00e0 Denia, nous nous proposonsToutes les autres offres proviennent d'entreprises que nous connaissons et recommandons depuis des ann\u00e9es ! R\u00e9servez vos excursions pour la Costa Blanca en ligne iciChoisissez parmi une vari\u00e9t\u00e9 d'activit\u00e9s et de visites et \u00e9tablissez votre programme d'excursion personnel avant m\u00eame de commencer votre voyage.Des visites touristiques, des excursions d'une journ\u00e9e, des excursions en bateau, des excursions avec des enfants ou des circuits organis\u00e9s individuellement, dont beaucoup peuvent \u00eatre r\u00e9serv\u00e9s ici \u00e0 un prix inf\u00e9rieur \u00e0 celui pratiqu\u00e9 sur place.Cours de kitesurf, cours de plong\u00e9e, location de jet ski, location de bateaux, de motos ou de scooters, etc. La Costa Blanca est une r\u00e9gion c\u00f4ti\u00e8re d'une beaut\u00e9 \u00e0 couper le souffle, situ\u00e9e sur le continent espagnol, o\u00f9 l'on peut pratiquer toutes sortes d'activit\u00e9s.D\u00e9couvrez la Costa Blanca avec les plus belles excursions et attendez-vous \u00e0 la plus belle p\u00e9riode de l'ann\u00e9e des mois avant vos vacances.Actuellement, nous proposons des excursions et des visites dans les lieux suivantsTraduit avec www.DeepL.com\/Translator (version gratuite)","og_url":"https:\/\/activacostablanca.com\/fr\/a-propos-de-nous\/","og_site_name":"Activa Costa Blanca","article_modified_time":"2020-03-16T17:36:25+00:00","og_image":[{"width":1688,"height":950,"url":"https:\/\/activacostablanca.com\/wp-content\/uploads\/2020\/03\/despedida2.jpg","type":"image\/jpeg"}],"twitter_card":"summary_large_image","twitter_misc":{"Dur\u00e9e de lecture estim\u00e9e":"1 minute"},"schema":{"@context":"https:\/\/schema.org","@graph":[{"@type":"WebPage","@id":"https:\/\/activacostablanca.com\/fr\/a-propos-de-nous\/","url":"https:\/\/activacostablanca.com\/fr\/a-propos-de-nous\/","name":"\u00e0 propos de nous - Activa Costa Blanca","isPartOf":{"@id":"https:\/\/activacostablanca.com\/#website"},"primaryImageOfPage":{"@id":"https:\/\/activacostablanca.com\/fr\/a-propos-de-nous\/#primaryimage"},"image":{"@id":"https:\/\/activacostablanca.com\/fr\/a-propos-de-nous\/#primaryimage"},"thumbnailUrl":"https:\/\/activacostablanca.com\/wp-content\/uploads\/2020\/03\/despedida2.jpg","datePublished":"2018-12-10T03:06:47+00:00","dateModified":"2020-03-16T17:36:25+00:00","description":"Nous vivons sur la Costa Blanca depuis 22 ans, nous sommes des passionn\u00e9s de sport et nous connaissons la plupart des endroits \u00e0 voir entre Gandia et Alicante !Certaines activit\u00e9s, comme le stand up paddling \u00e0 Calpe et Denia, le kayak \u00e0 Calpe et le surf \u00e0 Denia, nous nous proposonsToutes les autres offres proviennent d'entreprises que nous connaissons et recommandons depuis des ann\u00e9es ! R\u00e9servez vos excursions pour la Costa Blanca en ligne iciChoisissez parmi une vari\u00e9t\u00e9 d'activit\u00e9s et de visites et \u00e9tablissez votre programme d'excursion personnel avant m\u00eame de commencer votre voyage.Des visites touristiques, des excursions d'une journ\u00e9e, des excursions en bateau, des excursions avec des enfants ou des circuits organis\u00e9s individuellement, dont beaucoup peuvent \u00eatre r\u00e9serv\u00e9s ici \u00e0 un prix inf\u00e9rieur \u00e0 celui pratiqu\u00e9 sur place.Cours de kitesurf, cours de plong\u00e9e, location de jet ski, location de bateaux, de motos ou de scooters, etc. La Costa Blanca est une r\u00e9gion c\u00f4ti\u00e8re d'une beaut\u00e9 \u00e0 couper le souffle, situ\u00e9e sur le continent espagnol, o\u00f9 l'on peut pratiquer toutes sortes d'activit\u00e9s.D\u00e9couvrez la Costa Blanca avec les plus belles excursions et attendez-vous \u00e0 la plus belle p\u00e9riode de l'ann\u00e9e des mois avant vos vacances.Actuellement, nous proposons des excursions et des visites dans les lieux suivantsTraduit avec www.DeepL.com\/Translator (version gratuite)","breadcrumb":{"@id":"https:\/\/activacostablanca.com\/fr\/a-propos-de-nous\/#breadcrumb"},"inLanguage":"fr-FR","potentialAction":[{"@type":"ReadAction","target":["https:\/\/activacostablanca.com\/fr\/a-propos-de-nous\/"]}]},{"@type":"ImageObject","inLanguage":"fr-FR","@id":"https:\/\/activacostablanca.com\/fr\/a-propos-de-nous\/#primaryimage","url":"https:\/\/activacostablanca.com\/wp-content\/uploads\/2020\/03\/despedida2.jpg","contentUrl":"https:\/\/activacostablanca.com\/wp-content\/uploads\/2020\/03\/despedida2.jpg","width":1688,"height":950,"caption":"OLYMPUS DIGITAL CAMERA"},{"@type":"BreadcrumbList","@id":"https:\/\/activacostablanca.com\/fr\/a-propos-de-nous\/#breadcrumb","itemListElement":[{"@type":"ListItem","position":1,"name":"Portada","item":"https:\/\/activacostablanca.com\/fr\/"},{"@type":"ListItem","position":2,"name":"\u00e0 propos de nous"}]},{"@type":"WebSite","@id":"https:\/\/activacostablanca.com\/#website","url":"https:\/\/activacostablanca.com\/","name":"Activa Costa Blanca","description":"Activit\u00e9s et excursions sur la Costa Blanca","publisher":{"@id":"https:\/\/activacostablanca.com\/#organization"},"potentialAction":[{"@type":"SearchAction","target":{"@type":"EntryPoint","urlTemplate":"https:\/\/activacostablanca.com\/?s={search_term_string}"},"query-input":{"@type":"PropertyValueSpecification","valueRequired":true,"valueName":"search_term_string"}}],"inLanguage":"fr-FR"},{"@type":"Organization","@id":"https:\/\/activacostablanca.com\/#organization","name":"Activa Costa Blanca","url":"https:\/\/activacostablanca.com\/","logo":{"@type":"ImageObject","inLanguage":"fr-FR","@id":"https:\/\/activacostablanca.com\/#\/schema\/logo\/image\/","url":"https:\/\/activacostablanca.com\/wp-content\/uploads\/2019\/04\/weblogo.png","contentUrl":"https:\/\/activacostablanca.com\/wp-content\/uploads\/2019\/04\/weblogo.png","width":177,"height":46,"caption":"Activa Costa Blanca"},"image":{"@id":"https:\/\/activacostablanca.com\/#\/schema\/logo\/image\/"}}]}},"_links":{"self":[{"href":"https:\/\/activacostablanca.com\/fr\/wp-json\/wp\/v2\/pages\/13397","targetHints":{"allow":["GET"]}}],"collection":[{"href":"https:\/\/activacostablanca.com\/fr\/wp-json\/wp\/v2\/pages"}],"about":[{"href":"https:\/\/activacostablanca.com\/fr\/wp-json\/wp\/v2\/types\/page"}],"author":[{"embeddable":true,"href":"https:\/\/activacostablanca.com\/fr\/wp-json\/wp\/v2\/users\/2"}],"replies":[{"embeddable":true,"href":"https:\/\/activacostablanca.com\/fr\/wp-json\/wp\/v2\/comments?post=13397"}],"version-history":[{"count":2,"href":"https:\/\/activacostablanca.com\/fr\/wp-json\/wp\/v2\/pages\/13397\/revisions"}],"predecessor-version":[{"id":13401,"href":"https:\/\/activacostablanca.com\/fr\/wp-json\/wp\/v2\/pages\/13397\/revisions\/13401"}],"wp:featuredmedia":[{"embeddable":true,"href":"https:\/\/activacostablanca.com\/fr\/wp-json\/wp\/v2\/media\/13380"}],"wp:attachment":[{"href":"https:\/\/activacostablanca.com\/fr\/wp-json\/wp\/v2\/media?parent=13397"}],"curies":[{"name":"wp","href":"https:\/\/api.w.org\/{rel}","templated":true}]}}