{"id":13385,"date":"2018-12-10T03:06:47","date_gmt":"2018-12-10T03:06:47","guid":{"rendered":"https:\/\/activacostablanca.com\/sobre-nosotros\/"},"modified":"2020-03-16T18:26:26","modified_gmt":"2020-03-16T17:26:26","slug":"ueber-uns","status":"publish","type":"page","link":"https:\/\/activacostablanca.com\/de\/ueber-uns\/","title":{"rendered":"Uber uns"},"content":{"rendered":"<p>Wir leben seit 22 Jahren an der Costa Blanca, sind Sportbegeistert und kennen die meisten sehenswerten Pl\u00e4tze zwischen Gandia bis Alicante!<\/p>\n<p>Manche Aktivit\u00e4ten, wie Stand Up Paddeln in Calpe und Denia, Kayak in Calpe und Surfen in Denia bieten wir selber an<\/p>\n<p>Alle weiteren Angebote sind Firmen, die wir seit Jahren kennen und enpfehlen k\u00f6nnen!Buchen Sie Ihre Ausfl\u00fcge f\u00fcr die Costa Blanca hier online<\/p>\n<p>W\u00e4hlen Sie aus einer Vielzahl an Aktivit\u00e4ten und Touren und stellen Sie sich Ihr ganz pers\u00f6nliches Ausflugsprogramm schon vor Reisebeginn zusammen.<\/p>\n<p>Sightseeing Touren, Tagesausfl\u00fcge, Bootstouren, Ausfl\u00fcge mit Kindern oder individuell organisierte Touren, viele davon k\u00f6nnen Sie hier g\u00fcnstiger als vor Ort buchen.<\/p>\n<p>Kitesurf Kurse Tauchkurse, Jet Ski Vermietung, Boots Vermietung, Motorrad bzw Roller Miete und mehrDie Costa Blanca ist eine atemberaubend sch\u00f6ne K\u00fcstenregion auf dem spanischen Festland f\u00fcr Unternehmungen aller Art.<\/p>\n<p>Entdecken Sie die Costa Blanca mit den sch\u00f6nsten Ausfl\u00fcgen und freuen Sie sich schon Monate vor Ihrem Urlaub auf die sch\u00f6nste Zeit des Jahres.<\/p>\n<p>Im Moment bieten wir Ausfl\u00fcge und Touren in folgenden Orten an<\/p>\n<p>&nbsp;<\/p>\n<h3><strong>OLIVA\u00a0 \u00a0 DENIA\u00a0 \u00a0 JAVEA\u00a0 \u00a0 XABIA\u00a0 \u00a0 TEULADA\/MORAIRA\u00a0 BENISSA\u00a0 \u00a0 LLIBER\u00a0 \u00a0 JALON\u00a0 \u00a0 CALPE\u00a0 \u00a0 ALTEA\u00a0 \u00a0 LA NUCIA\u00a0 \u00a0 ALFAZ DEL PI\/ALBIR\u00a0 \u00a0 BENIDORM\u00a0 \u00a0ALICANTE<\/strong><\/h3>\n<p><img loading=\"lazy\" decoding=\"async\" class=\"alignright size-medium wp-image-13191\" src=\"https:\/\/activacostablanca.com\/wp-content\/uploads\/2019\/12\/67301725_961585817512356_6061835434764271616_n-300x300.jpg\" alt=\"\" width=\"300\" height=\"300\" srcset=\"https:\/\/activacostablanca.com\/wp-content\/uploads\/2019\/12\/67301725_961585817512356_6061835434764271616_n-300x300.jpg 300w, https:\/\/activacostablanca.com\/wp-content\/uploads\/2019\/12\/67301725_961585817512356_6061835434764271616_n-150x150.jpg 150w, https:\/\/activacostablanca.com\/wp-content\/uploads\/2019\/12\/67301725_961585817512356_6061835434764271616_n-1024x1024.jpg 1024w, https:\/\/activacostablanca.com\/wp-content\/uploads\/2019\/12\/67301725_961585817512356_6061835434764271616_n-266x266.jpg 266w, https:\/\/activacostablanca.com\/wp-content\/uploads\/2019\/12\/67301725_961585817512356_6061835434764271616_n-70x70.jpg 70w, https:\/\/activacostablanca.com\/wp-content\/uploads\/2019\/12\/67301725_961585817512356_6061835434764271616_n-110x110.jpg 110w\" sizes=\"auto, (max-width: 300px) 100vw, 300px\" \/><img loading=\"lazy\" decoding=\"async\" class=\"alignright size-medium wp-image-13079\" src=\"https:\/\/activacostablanca.com\/wp-content\/uploads\/2019\/10\/WhatsApp-Image-2019-10-06-at-21.45.28-300x300.jpeg\" alt=\"\" width=\"300\" height=\"300\" srcset=\"https:\/\/activacostablanca.com\/wp-content\/uploads\/2019\/10\/WhatsApp-Image-2019-10-06-at-21.45.28-300x300.jpeg 300w, https:\/\/activacostablanca.com\/wp-content\/uploads\/2019\/10\/WhatsApp-Image-2019-10-06-at-21.45.28-150x150.jpeg 150w, https:\/\/activacostablanca.com\/wp-content\/uploads\/2019\/10\/WhatsApp-Image-2019-10-06-at-21.45.28-1024x1024.jpeg 1024w, https:\/\/activacostablanca.com\/wp-content\/uploads\/2019\/10\/WhatsApp-Image-2019-10-06-at-21.45.28-266x266.jpeg 266w, https:\/\/activacostablanca.com\/wp-content\/uploads\/2019\/10\/WhatsApp-Image-2019-10-06-at-21.45.28-70x70.jpeg 70w, https:\/\/activacostablanca.com\/wp-content\/uploads\/2019\/10\/WhatsApp-Image-2019-10-06-at-21.45.28-110x110.jpeg 110w\" sizes=\"auto, (max-width: 300px) 100vw, 300px\" \/><img loading=\"lazy\" decoding=\"async\" class=\"alignright size-medium wp-image-13016\" src=\"https:\/\/activacostablanca.com\/wp-content\/uploads\/2019\/09\/kayakannape\u00f1on-300x300.jpg\" alt=\"\" width=\"300\" height=\"300\" srcset=\"https:\/\/activacostablanca.com\/wp-content\/uploads\/2019\/09\/kayakannape\u00f1on-300x300.jpg 300w, https:\/\/activacostablanca.com\/wp-content\/uploads\/2019\/09\/kayakannape\u00f1on-150x150.jpg 150w, https:\/\/activacostablanca.com\/wp-content\/uploads\/2019\/09\/kayakannape\u00f1on-1024x1024.jpg 1024w, https:\/\/activacostablanca.com\/wp-content\/uploads\/2019\/09\/kayakannape\u00f1on-70x70.jpg 70w, https:\/\/activacostablanca.com\/wp-content\/uploads\/2019\/09\/kayakannape\u00f1on-110x110.jpg 110w\" sizes=\"auto, (max-width: 300px) 100vw, 300px\" \/><img loading=\"lazy\" decoding=\"async\" class=\"alignright size-medium wp-image-12517\" src=\"https:\/\/activacostablanca.com\/wp-content\/uploads\/2019\/05\/kite-molins5-300x300.jpg\" alt=\"\" width=\"300\" height=\"300\" srcset=\"https:\/\/activacostablanca.com\/wp-content\/uploads\/2019\/05\/kite-molins5-300x300.jpg 300w, https:\/\/activacostablanca.com\/wp-content\/uploads\/2019\/05\/kite-molins5-150x150.jpg 150w, https:\/\/activacostablanca.com\/wp-content\/uploads\/2019\/05\/kite-molins5-1024x1024.jpg 1024w\" sizes=\"auto, (max-width: 300px) 100vw, 300px\" \/><img loading=\"lazy\" decoding=\"async\" class=\"alignright size-medium wp-image-11169\" src=\"https:\/\/activacostablanca.com\/wp-content\/uploads\/2019\/05\/buceo-300x300.jpg\" alt=\"\" width=\"300\" height=\"300\" srcset=\"https:\/\/activacostablanca.com\/wp-content\/uploads\/2019\/05\/buceo-300x300.jpg 300w, https:\/\/activacostablanca.com\/wp-content\/uploads\/2019\/05\/buceo-150x150.jpg 150w, https:\/\/activacostablanca.com\/wp-content\/uploads\/2019\/05\/buceo-1024x1024.jpg 1024w\" sizes=\"auto, (max-width: 300px) 100vw, 300px\" \/><\/p>\n<figure id=\"attachment_9792\" aria-describedby=\"caption-attachment-9792\" style=\"width: 300px\" class=\"wp-caption alignright\"><img loading=\"lazy\" decoding=\"async\" class=\"size-medium wp-image-9792\" src=\"https:\/\/activacostablanca.com\/wp-content\/uploads\/2019\/04\/P3240575-300x300.jpg\" alt=\"\" width=\"300\" height=\"300\" srcset=\"https:\/\/activacostablanca.com\/wp-content\/uploads\/2019\/04\/P3240575-300x300.jpg 300w, https:\/\/activacostablanca.com\/wp-content\/uploads\/2019\/04\/P3240575-150x150.jpg 150w, https:\/\/activacostablanca.com\/wp-content\/uploads\/2019\/04\/P3240575-1024x1024.jpg 1024w\" sizes=\"auto, (max-width: 300px) 100vw, 300px\" \/><figcaption id=\"caption-attachment-9792\" class=\"wp-caption-text\">OLYMPUS DIGITAL CAMERA<\/figcaption><\/figure>\n","protected":false},"excerpt":{"rendered":"<p>Wir leben seit 22 Jahren an der Costa Blanca, sind Sportbegeistert und kennen die meisten sehenswerten Pl\u00e4tze zwischen Gandia bis Alicante! Manche Aktivit\u00e4ten, wie Stand Up Paddeln in Calpe und Denia, Kayak in Calpe und Surfen in Denia bieten wir selber an Alle weiteren Angebote sind Firmen, die wir seit Jahren kennen und enpfehlen k\u00f6nnen!Buchen [&hellip;]<\/p>\n","protected":false},"author":2,"featured_media":13381,"parent":0,"menu_order":4,"comment_status":"closed","ping_status":"closed","template":"template-home-modern.php","meta":{"_exactmetrics_skip_tracking":false,"_exactmetrics_sitenote_active":false,"_exactmetrics_sitenote_note":"","_exactmetrics_sitenote_category":0,"footnotes":""},"class_list":["post-13385","page","type-page","status-publish","has-post-thumbnail","hentry"],"yoast_head":"<!-- This site is optimized with the Yoast SEO plugin v25.0 - https:\/\/yoast.com\/wordpress\/plugins\/seo\/ -->\n<title>Uber uns - Activa Costa Blanca<\/title>\n<meta name=\"description\" content=\"Wir leben seit 22 Jahren an der Costa Blanca, sind Sportbegeistert und kennen die meisten sehenswerten Pl\u00e4tze zwischen Gandia bis Alicante!Manche Aktivit\u00e4ten, wie Stand Up Paddeln in Calpe und Denia, Kayak in Calpe und Surfen in Denia bieten wir selber anAlle weiteren Angebote sind Firmen, die wir seit Jahren kennen und enpfehlen k\u00f6nnen!Buchen Sie Ihre Ausfl\u00fcge f\u00fcr die Costa Blanca hier onlineW\u00e4hlen Sie aus einer Vielzahl an Aktivit\u00e4ten und Touren und stellen Sie sich Ihr ganz pers\u00f6nliches Ausflugsprogramm schon vor Reisebeginn zusammen.Sightseeing Touren, Tagesausfl\u00fcge, Bootstouren, Ausfl\u00fcge mit Kindern oder individuell organisierte Touren, viele davon k\u00f6nnen Sie hier g\u00fcnstiger als vor Ort buchen.Kitesurf Kurse Tauchkurse, Jet Ski Vermietung, Boots Vermietung, Motorrad bzw Roller Miete und mehrDie Costa Blanca ist eine atemberaubend sch\u00f6ne K\u00fcstenregion auf dem spanischen Festland f\u00fcr Unternehmungen aller Art.Entdecken Sie die Costa Blanca mit den sch\u00f6nsten Ausfl\u00fcgen und freuen Sie sich schon Monate vor Ihrem Urlaub auf die sch\u00f6nste Zeit des Jahres.Im Moment bieten wir Ausfl\u00fcge und Touren in folgenden Orten an\" \/>\n<meta name=\"robots\" content=\"index, follow, max-snippet:-1, max-image-preview:large, max-video-preview:-1\" \/>\n<link rel=\"canonical\" href=\"https:\/\/activacostablanca.com\/de\/ueber-uns\/\" \/>\n<meta property=\"og:locale\" content=\"de_DE\" \/>\n<meta property=\"og:type\" content=\"article\" \/>\n<meta property=\"og:title\" content=\"Uber uns - Activa Costa Blanca\" \/>\n<meta property=\"og:description\" content=\"Wir leben seit 22 Jahren an der Costa Blanca, sind Sportbegeistert und kennen die meisten sehenswerten Pl\u00e4tze zwischen Gandia bis Alicante!Manche Aktivit\u00e4ten, wie Stand Up Paddeln in Calpe und Denia, Kayak in Calpe und Surfen in Denia bieten wir selber anAlle weiteren Angebote sind Firmen, die wir seit Jahren kennen und enpfehlen k\u00f6nnen!Buchen Sie Ihre Ausfl\u00fcge f\u00fcr die Costa Blanca hier onlineW\u00e4hlen Sie aus einer Vielzahl an Aktivit\u00e4ten und Touren und stellen Sie sich Ihr ganz pers\u00f6nliches Ausflugsprogramm schon vor Reisebeginn zusammen.Sightseeing Touren, Tagesausfl\u00fcge, Bootstouren, Ausfl\u00fcge mit Kindern oder individuell organisierte Touren, viele davon k\u00f6nnen Sie hier g\u00fcnstiger als vor Ort buchen.Kitesurf Kurse Tauchkurse, Jet Ski Vermietung, Boots Vermietung, Motorrad bzw Roller Miete und mehrDie Costa Blanca ist eine atemberaubend sch\u00f6ne K\u00fcstenregion auf dem spanischen Festland f\u00fcr Unternehmungen aller Art.Entdecken Sie die Costa Blanca mit den sch\u00f6nsten Ausfl\u00fcgen und freuen Sie sich schon Monate vor Ihrem Urlaub auf die sch\u00f6nste Zeit des Jahres.Im Moment bieten wir Ausfl\u00fcge und Touren in folgenden Orten an\" \/>\n<meta property=\"og:url\" content=\"https:\/\/activacostablanca.com\/de\/ueber-uns\/\" \/>\n<meta property=\"og:site_name\" content=\"Activa Costa Blanca\" \/>\n<meta property=\"article:modified_time\" content=\"2020-03-16T17:26:26+00:00\" \/>\n<meta property=\"og:image\" content=\"https:\/\/activacostablanca.com\/wp-content\/uploads\/2020\/03\/despedida2.jpg\" \/>\n\t<meta property=\"og:image:width\" content=\"1688\" \/>\n\t<meta property=\"og:image:height\" content=\"950\" \/>\n\t<meta property=\"og:image:type\" content=\"image\/jpeg\" \/>\n<meta name=\"twitter:card\" content=\"summary_large_image\" \/>\n<meta name=\"twitter:label1\" content=\"Gesch\u00e4tzte Lesezeit\" \/>\n\t<meta name=\"twitter:data1\" content=\"1\u00a0Minute\" \/>\n<script type=\"application\/ld+json\" class=\"yoast-schema-graph\">{\"@context\":\"https:\/\/schema.org\",\"@graph\":[{\"@type\":\"WebPage\",\"@id\":\"https:\/\/activacostablanca.com\/de\/ueber-uns\/\",\"url\":\"https:\/\/activacostablanca.com\/de\/ueber-uns\/\",\"name\":\"Uber uns - Activa Costa Blanca\",\"isPartOf\":{\"@id\":\"https:\/\/activacostablanca.com\/#website\"},\"primaryImageOfPage\":{\"@id\":\"https:\/\/activacostablanca.com\/de\/ueber-uns\/#primaryimage\"},\"image\":{\"@id\":\"https:\/\/activacostablanca.com\/de\/ueber-uns\/#primaryimage\"},\"thumbnailUrl\":\"https:\/\/activacostablanca.com\/wp-content\/uploads\/2020\/03\/despedida2.jpg\",\"datePublished\":\"2018-12-10T03:06:47+00:00\",\"dateModified\":\"2020-03-16T17:26:26+00:00\",\"description\":\"Wir leben seit 22 Jahren an der Costa Blanca, sind Sportbegeistert und kennen die meisten sehenswerten Pl\u00e4tze zwischen Gandia bis Alicante!Manche Aktivit\u00e4ten, wie Stand Up Paddeln in Calpe und Denia, Kayak in Calpe und Surfen in Denia bieten wir selber anAlle weiteren Angebote sind Firmen, die wir seit Jahren kennen und enpfehlen k\u00f6nnen!Buchen Sie Ihre Ausfl\u00fcge f\u00fcr die Costa Blanca hier onlineW\u00e4hlen Sie aus einer Vielzahl an Aktivit\u00e4ten und Touren und stellen Sie sich Ihr ganz pers\u00f6nliches Ausflugsprogramm schon vor Reisebeginn zusammen.Sightseeing Touren, Tagesausfl\u00fcge, Bootstouren, Ausfl\u00fcge mit Kindern oder individuell organisierte Touren, viele davon k\u00f6nnen Sie hier g\u00fcnstiger als vor Ort buchen.Kitesurf Kurse Tauchkurse, Jet Ski Vermietung, Boots Vermietung, Motorrad bzw Roller Miete und mehrDie Costa Blanca ist eine atemberaubend sch\u00f6ne K\u00fcstenregion auf dem spanischen Festland f\u00fcr Unternehmungen aller Art.Entdecken Sie die Costa Blanca mit den sch\u00f6nsten Ausfl\u00fcgen und freuen Sie sich schon Monate vor Ihrem Urlaub auf die sch\u00f6nste Zeit des Jahres.Im Moment bieten wir Ausfl\u00fcge und Touren in folgenden Orten an\",\"breadcrumb\":{\"@id\":\"https:\/\/activacostablanca.com\/de\/ueber-uns\/#breadcrumb\"},\"inLanguage\":\"de\",\"potentialAction\":[{\"@type\":\"ReadAction\",\"target\":[\"https:\/\/activacostablanca.com\/de\/ueber-uns\/\"]}]},{\"@type\":\"ImageObject\",\"inLanguage\":\"de\",\"@id\":\"https:\/\/activacostablanca.com\/de\/ueber-uns\/#primaryimage\",\"url\":\"https:\/\/activacostablanca.com\/wp-content\/uploads\/2020\/03\/despedida2.jpg\",\"contentUrl\":\"https:\/\/activacostablanca.com\/wp-content\/uploads\/2020\/03\/despedida2.jpg\",\"width\":1688,\"height\":950,\"caption\":\"OLYMPUS DIGITAL CAMERA\"},{\"@type\":\"BreadcrumbList\",\"@id\":\"https:\/\/activacostablanca.com\/de\/ueber-uns\/#breadcrumb\",\"itemListElement\":[{\"@type\":\"ListItem\",\"position\":1,\"name\":\"Portada\",\"item\":\"https:\/\/activacostablanca.com\/de\/\"},{\"@type\":\"ListItem\",\"position\":2,\"name\":\"Uber uns\"}]},{\"@type\":\"WebSite\",\"@id\":\"https:\/\/activacostablanca.com\/#website\",\"url\":\"https:\/\/activacostablanca.com\/\",\"name\":\"Activa Costa Blanca\",\"description\":\"Aktivit\u00e4ten und Ausfl\u00fcge an der Costa Blanca\",\"publisher\":{\"@id\":\"https:\/\/activacostablanca.com\/#organization\"},\"potentialAction\":[{\"@type\":\"SearchAction\",\"target\":{\"@type\":\"EntryPoint\",\"urlTemplate\":\"https:\/\/activacostablanca.com\/?s={search_term_string}\"},\"query-input\":{\"@type\":\"PropertyValueSpecification\",\"valueRequired\":true,\"valueName\":\"search_term_string\"}}],\"inLanguage\":\"de\"},{\"@type\":\"Organization\",\"@id\":\"https:\/\/activacostablanca.com\/#organization\",\"name\":\"Activa Costa Blanca\",\"url\":\"https:\/\/activacostablanca.com\/\",\"logo\":{\"@type\":\"ImageObject\",\"inLanguage\":\"de\",\"@id\":\"https:\/\/activacostablanca.com\/#\/schema\/logo\/image\/\",\"url\":\"https:\/\/activacostablanca.com\/wp-content\/uploads\/2019\/04\/weblogo.png\",\"contentUrl\":\"https:\/\/activacostablanca.com\/wp-content\/uploads\/2019\/04\/weblogo.png\",\"width\":177,\"height\":46,\"caption\":\"Activa Costa Blanca\"},\"image\":{\"@id\":\"https:\/\/activacostablanca.com\/#\/schema\/logo\/image\/\"}}]}<\/script>\n<!-- \/ Yoast SEO plugin. -->","yoast_head_json":{"title":"Uber uns - Activa Costa Blanca","description":"Wir leben seit 22 Jahren an der Costa Blanca, sind Sportbegeistert und kennen die meisten sehenswerten Pl\u00e4tze zwischen Gandia bis Alicante!Manche Aktivit\u00e4ten, wie Stand Up Paddeln in Calpe und Denia, Kayak in Calpe und Surfen in Denia bieten wir selber anAlle weiteren Angebote sind Firmen, die wir seit Jahren kennen und enpfehlen k\u00f6nnen!Buchen Sie Ihre Ausfl\u00fcge f\u00fcr die Costa Blanca hier onlineW\u00e4hlen Sie aus einer Vielzahl an Aktivit\u00e4ten und Touren und stellen Sie sich Ihr ganz pers\u00f6nliches Ausflugsprogramm schon vor Reisebeginn zusammen.Sightseeing Touren, Tagesausfl\u00fcge, Bootstouren, Ausfl\u00fcge mit Kindern oder individuell organisierte Touren, viele davon k\u00f6nnen Sie hier g\u00fcnstiger als vor Ort buchen.Kitesurf Kurse Tauchkurse, Jet Ski Vermietung, Boots Vermietung, Motorrad bzw Roller Miete und mehrDie Costa Blanca ist eine atemberaubend sch\u00f6ne K\u00fcstenregion auf dem spanischen Festland f\u00fcr Unternehmungen aller Art.Entdecken Sie die Costa Blanca mit den sch\u00f6nsten Ausfl\u00fcgen und freuen Sie sich schon Monate vor Ihrem Urlaub auf die sch\u00f6nste Zeit des Jahres.Im Moment bieten wir Ausfl\u00fcge und Touren in folgenden Orten an","robots":{"index":"index","follow":"follow","max-snippet":"max-snippet:-1","max-image-preview":"max-image-preview:large","max-video-preview":"max-video-preview:-1"},"canonical":"https:\/\/activacostablanca.com\/de\/ueber-uns\/","og_locale":"de_DE","og_type":"article","og_title":"Uber uns - Activa Costa Blanca","og_description":"Wir leben seit 22 Jahren an der Costa Blanca, sind Sportbegeistert und kennen die meisten sehenswerten Pl\u00e4tze zwischen Gandia bis Alicante!Manche Aktivit\u00e4ten, wie Stand Up Paddeln in Calpe und Denia, Kayak in Calpe und Surfen in Denia bieten wir selber anAlle weiteren Angebote sind Firmen, die wir seit Jahren kennen und enpfehlen k\u00f6nnen!Buchen Sie Ihre Ausfl\u00fcge f\u00fcr die Costa Blanca hier onlineW\u00e4hlen Sie aus einer Vielzahl an Aktivit\u00e4ten und Touren und stellen Sie sich Ihr ganz pers\u00f6nliches Ausflugsprogramm schon vor Reisebeginn zusammen.Sightseeing Touren, Tagesausfl\u00fcge, Bootstouren, Ausfl\u00fcge mit Kindern oder individuell organisierte Touren, viele davon k\u00f6nnen Sie hier g\u00fcnstiger als vor Ort buchen.Kitesurf Kurse Tauchkurse, Jet Ski Vermietung, Boots Vermietung, Motorrad bzw Roller Miete und mehrDie Costa Blanca ist eine atemberaubend sch\u00f6ne K\u00fcstenregion auf dem spanischen Festland f\u00fcr Unternehmungen aller Art.Entdecken Sie die Costa Blanca mit den sch\u00f6nsten Ausfl\u00fcgen und freuen Sie sich schon Monate vor Ihrem Urlaub auf die sch\u00f6nste Zeit des Jahres.Im Moment bieten wir Ausfl\u00fcge und Touren in folgenden Orten an","og_url":"https:\/\/activacostablanca.com\/de\/ueber-uns\/","og_site_name":"Activa Costa Blanca","article_modified_time":"2020-03-16T17:26:26+00:00","og_image":[{"width":1688,"height":950,"url":"https:\/\/activacostablanca.com\/wp-content\/uploads\/2020\/03\/despedida2.jpg","type":"image\/jpeg"}],"twitter_card":"summary_large_image","twitter_misc":{"Gesch\u00e4tzte Lesezeit":"1\u00a0Minute"},"schema":{"@context":"https:\/\/schema.org","@graph":[{"@type":"WebPage","@id":"https:\/\/activacostablanca.com\/de\/ueber-uns\/","url":"https:\/\/activacostablanca.com\/de\/ueber-uns\/","name":"Uber uns - Activa Costa Blanca","isPartOf":{"@id":"https:\/\/activacostablanca.com\/#website"},"primaryImageOfPage":{"@id":"https:\/\/activacostablanca.com\/de\/ueber-uns\/#primaryimage"},"image":{"@id":"https:\/\/activacostablanca.com\/de\/ueber-uns\/#primaryimage"},"thumbnailUrl":"https:\/\/activacostablanca.com\/wp-content\/uploads\/2020\/03\/despedida2.jpg","datePublished":"2018-12-10T03:06:47+00:00","dateModified":"2020-03-16T17:26:26+00:00","description":"Wir leben seit 22 Jahren an der Costa Blanca, sind Sportbegeistert und kennen die meisten sehenswerten Pl\u00e4tze zwischen Gandia bis Alicante!Manche Aktivit\u00e4ten, wie Stand Up Paddeln in Calpe und Denia, Kayak in Calpe und Surfen in Denia bieten wir selber anAlle weiteren Angebote sind Firmen, die wir seit Jahren kennen und enpfehlen k\u00f6nnen!Buchen Sie Ihre Ausfl\u00fcge f\u00fcr die Costa Blanca hier onlineW\u00e4hlen Sie aus einer Vielzahl an Aktivit\u00e4ten und Touren und stellen Sie sich Ihr ganz pers\u00f6nliches Ausflugsprogramm schon vor Reisebeginn zusammen.Sightseeing Touren, Tagesausfl\u00fcge, Bootstouren, Ausfl\u00fcge mit Kindern oder individuell organisierte Touren, viele davon k\u00f6nnen Sie hier g\u00fcnstiger als vor Ort buchen.Kitesurf Kurse Tauchkurse, Jet Ski Vermietung, Boots Vermietung, Motorrad bzw Roller Miete und mehrDie Costa Blanca ist eine atemberaubend sch\u00f6ne K\u00fcstenregion auf dem spanischen Festland f\u00fcr Unternehmungen aller Art.Entdecken Sie die Costa Blanca mit den sch\u00f6nsten Ausfl\u00fcgen und freuen Sie sich schon Monate vor Ihrem Urlaub auf die sch\u00f6nste Zeit des Jahres.Im Moment bieten wir Ausfl\u00fcge und Touren in folgenden Orten an","breadcrumb":{"@id":"https:\/\/activacostablanca.com\/de\/ueber-uns\/#breadcrumb"},"inLanguage":"de","potentialAction":[{"@type":"ReadAction","target":["https:\/\/activacostablanca.com\/de\/ueber-uns\/"]}]},{"@type":"ImageObject","inLanguage":"de","@id":"https:\/\/activacostablanca.com\/de\/ueber-uns\/#primaryimage","url":"https:\/\/activacostablanca.com\/wp-content\/uploads\/2020\/03\/despedida2.jpg","contentUrl":"https:\/\/activacostablanca.com\/wp-content\/uploads\/2020\/03\/despedida2.jpg","width":1688,"height":950,"caption":"OLYMPUS DIGITAL CAMERA"},{"@type":"BreadcrumbList","@id":"https:\/\/activacostablanca.com\/de\/ueber-uns\/#breadcrumb","itemListElement":[{"@type":"ListItem","position":1,"name":"Portada","item":"https:\/\/activacostablanca.com\/de\/"},{"@type":"ListItem","position":2,"name":"Uber uns"}]},{"@type":"WebSite","@id":"https:\/\/activacostablanca.com\/#website","url":"https:\/\/activacostablanca.com\/","name":"Activa Costa Blanca","description":"Aktivit\u00e4ten und Ausfl\u00fcge an der Costa Blanca","publisher":{"@id":"https:\/\/activacostablanca.com\/#organization"},"potentialAction":[{"@type":"SearchAction","target":{"@type":"EntryPoint","urlTemplate":"https:\/\/activacostablanca.com\/?s={search_term_string}"},"query-input":{"@type":"PropertyValueSpecification","valueRequired":true,"valueName":"search_term_string"}}],"inLanguage":"de"},{"@type":"Organization","@id":"https:\/\/activacostablanca.com\/#organization","name":"Activa Costa Blanca","url":"https:\/\/activacostablanca.com\/","logo":{"@type":"ImageObject","inLanguage":"de","@id":"https:\/\/activacostablanca.com\/#\/schema\/logo\/image\/","url":"https:\/\/activacostablanca.com\/wp-content\/uploads\/2019\/04\/weblogo.png","contentUrl":"https:\/\/activacostablanca.com\/wp-content\/uploads\/2019\/04\/weblogo.png","width":177,"height":46,"caption":"Activa Costa Blanca"},"image":{"@id":"https:\/\/activacostablanca.com\/#\/schema\/logo\/image\/"}}]}},"_links":{"self":[{"href":"https:\/\/activacostablanca.com\/de\/wp-json\/wp\/v2\/pages\/13385","targetHints":{"allow":["GET"]}}],"collection":[{"href":"https:\/\/activacostablanca.com\/de\/wp-json\/wp\/v2\/pages"}],"about":[{"href":"https:\/\/activacostablanca.com\/de\/wp-json\/wp\/v2\/types\/page"}],"author":[{"embeddable":true,"href":"https:\/\/activacostablanca.com\/de\/wp-json\/wp\/v2\/users\/2"}],"replies":[{"embeddable":true,"href":"https:\/\/activacostablanca.com\/de\/wp-json\/wp\/v2\/comments?post=13385"}],"version-history":[{"count":2,"href":"https:\/\/activacostablanca.com\/de\/wp-json\/wp\/v2\/pages\/13385\/revisions"}],"predecessor-version":[{"id":13389,"href":"https:\/\/activacostablanca.com\/de\/wp-json\/wp\/v2\/pages\/13385\/revisions\/13389"}],"wp:featuredmedia":[{"embeddable":true,"href":"https:\/\/activacostablanca.com\/de\/wp-json\/wp\/v2\/media\/13381"}],"wp:attachment":[{"href":"https:\/\/activacostablanca.com\/de\/wp-json\/wp\/v2\/media?parent=13385"}],"curies":[{"name":"wp","href":"https:\/\/api.w.org\/{rel}","templated":true}]}}