{"id":12526,"date":"2019-05-25T12:59:23","date_gmt":"2019-05-25T12:59:23","guid":{"rendered":"http:\/\/activacostablanca.com\/windsurf\/"},"modified":"2019-05-25T13:01:10","modified_gmt":"2019-05-25T13:01:10","slug":"windsurf","status":"publish","type":"page","link":"https:\/\/activacostablanca.com\/de\/windsurf\/","title":{"rendered":"Windsurf"},"content":{"rendered":"<p>Auch wenn Windsurfen nicht mehr so popul\u00e4r ist wie vor etlichen Jahren, haupts\u00e4chlich durch den Boom den das Kitesurfen ausgel\u00e4st hat, gibt es immer noch zahlreiche Windsurfcenter an der Costa Blanca.<\/p>\n<p>Man kann sowohl Kurse machen so wie auch material ausleihen.<\/p>\n<p>Bekannt sind die Str\u00e4nde von Oliva, Denia, Campello, San Juan und Santa Pola. Aber auch in Benissa an der K\u00fcste gibt es eine Basis<\/p>\n","protected":false},"excerpt":{"rendered":"<p>Auch wenn Windsurfen nicht mehr so popul\u00e4r ist wie vor etlichen Jahren, haupts\u00e4chlich durch den Boom den das Kitesurfen ausgel\u00e4st hat, gibt es immer noch zahlreiche Windsurfcenter an der Costa Blanca. Man kann sowohl Kurse machen so wie auch material ausleihen. Bekannt sind die Str\u00e4nde von Oliva, Denia, Campello, San Juan und Santa Pola. Aber [&hellip;]<\/p>\n","protected":false},"author":2,"featured_media":12524,"parent":0,"menu_order":0,"comment_status":"closed","ping_status":"closed","template":"template-home-modern.php","meta":{"_exactmetrics_skip_tracking":false,"_exactmetrics_sitenote_active":false,"_exactmetrics_sitenote_note":"","_exactmetrics_sitenote_category":0,"footnotes":""},"class_list":["post-12526","page","type-page","status-publish","has-post-thumbnail","hentry"],"yoast_head":"<!-- This site is optimized with the Yoast SEO plugin v25.0 - https:\/\/yoast.com\/wordpress\/plugins\/seo\/ -->\n<title>Windsurf - Activa Costa Blanca<\/title>\n<meta name=\"robots\" content=\"index, follow, max-snippet:-1, max-image-preview:large, max-video-preview:-1\" \/>\n<link rel=\"canonical\" href=\"https:\/\/activacostablanca.com\/de\/windsurf\/\" \/>\n<meta property=\"og:locale\" content=\"de_DE\" \/>\n<meta property=\"og:type\" content=\"article\" \/>\n<meta property=\"og:title\" content=\"Windsurf - Activa Costa Blanca\" \/>\n<meta property=\"og:description\" content=\"Auch wenn Windsurfen nicht mehr so popul\u00e4r ist wie vor etlichen Jahren, haupts\u00e4chlich durch den Boom den das Kitesurfen ausgel\u00e4st hat, gibt es immer noch zahlreiche Windsurfcenter an der Costa Blanca. Man kann sowohl Kurse machen so wie auch material ausleihen. Bekannt sind die Str\u00e4nde von Oliva, Denia, Campello, San Juan und Santa Pola. Aber [&hellip;]\" \/>\n<meta property=\"og:url\" content=\"https:\/\/activacostablanca.com\/de\/windsurf\/\" \/>\n<meta property=\"og:site_name\" content=\"Activa Costa Blanca\" \/>\n<meta property=\"article:modified_time\" content=\"2019-05-25T13:01:10+00:00\" \/>\n<meta property=\"og:image\" content=\"https:\/\/activacostablanca.com\/wp-content\/uploads\/2019\/05\/P1210485.jpg\" \/>\n\t<meta property=\"og:image:width\" content=\"1721\" \/>\n\t<meta property=\"og:image:height\" content=\"1003\" \/>\n\t<meta property=\"og:image:type\" content=\"image\/jpeg\" \/>\n<meta name=\"twitter:card\" content=\"summary_large_image\" \/>\n<script type=\"application\/ld+json\" class=\"yoast-schema-graph\">{\"@context\":\"https:\/\/schema.org\",\"@graph\":[{\"@type\":\"WebPage\",\"@id\":\"https:\/\/activacostablanca.com\/de\/windsurf\/\",\"url\":\"https:\/\/activacostablanca.com\/de\/windsurf\/\",\"name\":\"Windsurf - Activa Costa Blanca\",\"isPartOf\":{\"@id\":\"https:\/\/activacostablanca.com\/#website\"},\"primaryImageOfPage\":{\"@id\":\"https:\/\/activacostablanca.com\/de\/windsurf\/#primaryimage\"},\"image\":{\"@id\":\"https:\/\/activacostablanca.com\/de\/windsurf\/#primaryimage\"},\"thumbnailUrl\":\"https:\/\/activacostablanca.com\/wp-content\/uploads\/2019\/05\/P1210485.jpg\",\"datePublished\":\"2019-05-25T12:59:23+00:00\",\"dateModified\":\"2019-05-25T13:01:10+00:00\",\"breadcrumb\":{\"@id\":\"https:\/\/activacostablanca.com\/de\/windsurf\/#breadcrumb\"},\"inLanguage\":\"de\",\"potentialAction\":[{\"@type\":\"ReadAction\",\"target\":[\"https:\/\/activacostablanca.com\/de\/windsurf\/\"]}]},{\"@type\":\"ImageObject\",\"inLanguage\":\"de\",\"@id\":\"https:\/\/activacostablanca.com\/de\/windsurf\/#primaryimage\",\"url\":\"https:\/\/activacostablanca.com\/wp-content\/uploads\/2019\/05\/P1210485.jpg\",\"contentUrl\":\"https:\/\/activacostablanca.com\/wp-content\/uploads\/2019\/05\/P1210485.jpg\",\"width\":1721,\"height\":1003,\"caption\":\"OLYMPUS DIGITAL CAMERA\"},{\"@type\":\"BreadcrumbList\",\"@id\":\"https:\/\/activacostablanca.com\/de\/windsurf\/#breadcrumb\",\"itemListElement\":[{\"@type\":\"ListItem\",\"position\":1,\"name\":\"Portada\",\"item\":\"https:\/\/activacostablanca.com\/de\/\"},{\"@type\":\"ListItem\",\"position\":2,\"name\":\"Windsurf\"}]},{\"@type\":\"WebSite\",\"@id\":\"https:\/\/activacostablanca.com\/#website\",\"url\":\"https:\/\/activacostablanca.com\/\",\"name\":\"Activa Costa Blanca\",\"description\":\"Aktivit\u00e4ten und Ausfl\u00fcge an der Costa Blanca\",\"publisher\":{\"@id\":\"https:\/\/activacostablanca.com\/#organization\"},\"potentialAction\":[{\"@type\":\"SearchAction\",\"target\":{\"@type\":\"EntryPoint\",\"urlTemplate\":\"https:\/\/activacostablanca.com\/?s={search_term_string}\"},\"query-input\":{\"@type\":\"PropertyValueSpecification\",\"valueRequired\":true,\"valueName\":\"search_term_string\"}}],\"inLanguage\":\"de\"},{\"@type\":\"Organization\",\"@id\":\"https:\/\/activacostablanca.com\/#organization\",\"name\":\"Activa Costa Blanca\",\"url\":\"https:\/\/activacostablanca.com\/\",\"logo\":{\"@type\":\"ImageObject\",\"inLanguage\":\"de\",\"@id\":\"https:\/\/activacostablanca.com\/#\/schema\/logo\/image\/\",\"url\":\"https:\/\/activacostablanca.com\/wp-content\/uploads\/2019\/04\/weblogo.png\",\"contentUrl\":\"https:\/\/activacostablanca.com\/wp-content\/uploads\/2019\/04\/weblogo.png\",\"width\":177,\"height\":46,\"caption\":\"Activa Costa Blanca\"},\"image\":{\"@id\":\"https:\/\/activacostablanca.com\/#\/schema\/logo\/image\/\"}}]}<\/script>\n<!-- \/ Yoast SEO plugin. -->","yoast_head_json":{"title":"Windsurf - Activa Costa Blanca","robots":{"index":"index","follow":"follow","max-snippet":"max-snippet:-1","max-image-preview":"max-image-preview:large","max-video-preview":"max-video-preview:-1"},"canonical":"https:\/\/activacostablanca.com\/de\/windsurf\/","og_locale":"de_DE","og_type":"article","og_title":"Windsurf - Activa Costa Blanca","og_description":"Auch wenn Windsurfen nicht mehr so popul\u00e4r ist wie vor etlichen Jahren, haupts\u00e4chlich durch den Boom den das Kitesurfen ausgel\u00e4st hat, gibt es immer noch zahlreiche Windsurfcenter an der Costa Blanca. Man kann sowohl Kurse machen so wie auch material ausleihen. Bekannt sind die Str\u00e4nde von Oliva, Denia, Campello, San Juan und Santa Pola. Aber [&hellip;]","og_url":"https:\/\/activacostablanca.com\/de\/windsurf\/","og_site_name":"Activa Costa Blanca","article_modified_time":"2019-05-25T13:01:10+00:00","og_image":[{"width":1721,"height":1003,"url":"https:\/\/activacostablanca.com\/wp-content\/uploads\/2019\/05\/P1210485.jpg","type":"image\/jpeg"}],"twitter_card":"summary_large_image","schema":{"@context":"https:\/\/schema.org","@graph":[{"@type":"WebPage","@id":"https:\/\/activacostablanca.com\/de\/windsurf\/","url":"https:\/\/activacostablanca.com\/de\/windsurf\/","name":"Windsurf - Activa Costa Blanca","isPartOf":{"@id":"https:\/\/activacostablanca.com\/#website"},"primaryImageOfPage":{"@id":"https:\/\/activacostablanca.com\/de\/windsurf\/#primaryimage"},"image":{"@id":"https:\/\/activacostablanca.com\/de\/windsurf\/#primaryimage"},"thumbnailUrl":"https:\/\/activacostablanca.com\/wp-content\/uploads\/2019\/05\/P1210485.jpg","datePublished":"2019-05-25T12:59:23+00:00","dateModified":"2019-05-25T13:01:10+00:00","breadcrumb":{"@id":"https:\/\/activacostablanca.com\/de\/windsurf\/#breadcrumb"},"inLanguage":"de","potentialAction":[{"@type":"ReadAction","target":["https:\/\/activacostablanca.com\/de\/windsurf\/"]}]},{"@type":"ImageObject","inLanguage":"de","@id":"https:\/\/activacostablanca.com\/de\/windsurf\/#primaryimage","url":"https:\/\/activacostablanca.com\/wp-content\/uploads\/2019\/05\/P1210485.jpg","contentUrl":"https:\/\/activacostablanca.com\/wp-content\/uploads\/2019\/05\/P1210485.jpg","width":1721,"height":1003,"caption":"OLYMPUS DIGITAL CAMERA"},{"@type":"BreadcrumbList","@id":"https:\/\/activacostablanca.com\/de\/windsurf\/#breadcrumb","itemListElement":[{"@type":"ListItem","position":1,"name":"Portada","item":"https:\/\/activacostablanca.com\/de\/"},{"@type":"ListItem","position":2,"name":"Windsurf"}]},{"@type":"WebSite","@id":"https:\/\/activacostablanca.com\/#website","url":"https:\/\/activacostablanca.com\/","name":"Activa Costa Blanca","description":"Aktivit\u00e4ten und Ausfl\u00fcge an der Costa Blanca","publisher":{"@id":"https:\/\/activacostablanca.com\/#organization"},"potentialAction":[{"@type":"SearchAction","target":{"@type":"EntryPoint","urlTemplate":"https:\/\/activacostablanca.com\/?s={search_term_string}"},"query-input":{"@type":"PropertyValueSpecification","valueRequired":true,"valueName":"search_term_string"}}],"inLanguage":"de"},{"@type":"Organization","@id":"https:\/\/activacostablanca.com\/#organization","name":"Activa Costa Blanca","url":"https:\/\/activacostablanca.com\/","logo":{"@type":"ImageObject","inLanguage":"de","@id":"https:\/\/activacostablanca.com\/#\/schema\/logo\/image\/","url":"https:\/\/activacostablanca.com\/wp-content\/uploads\/2019\/04\/weblogo.png","contentUrl":"https:\/\/activacostablanca.com\/wp-content\/uploads\/2019\/04\/weblogo.png","width":177,"height":46,"caption":"Activa Costa Blanca"},"image":{"@id":"https:\/\/activacostablanca.com\/#\/schema\/logo\/image\/"}}]}},"_links":{"self":[{"href":"https:\/\/activacostablanca.com\/de\/wp-json\/wp\/v2\/pages\/12526","targetHints":{"allow":["GET"]}}],"collection":[{"href":"https:\/\/activacostablanca.com\/de\/wp-json\/wp\/v2\/pages"}],"about":[{"href":"https:\/\/activacostablanca.com\/de\/wp-json\/wp\/v2\/types\/page"}],"author":[{"embeddable":true,"href":"https:\/\/activacostablanca.com\/de\/wp-json\/wp\/v2\/users\/2"}],"replies":[{"embeddable":true,"href":"https:\/\/activacostablanca.com\/de\/wp-json\/wp\/v2\/comments?post=12526"}],"version-history":[{"count":1,"href":"https:\/\/activacostablanca.com\/de\/wp-json\/wp\/v2\/pages\/12526\/revisions"}],"predecessor-version":[{"id":12529,"href":"https:\/\/activacostablanca.com\/de\/wp-json\/wp\/v2\/pages\/12526\/revisions\/12529"}],"wp:featuredmedia":[{"embeddable":true,"href":"https:\/\/activacostablanca.com\/de\/wp-json\/wp\/v2\/media\/12524"}],"wp:attachment":[{"href":"https:\/\/activacostablanca.com\/de\/wp-json\/wp\/v2\/media?parent=12526"}],"curies":[{"name":"wp","href":"https:\/\/api.w.org\/{rel}","templated":true}]}}